{"id":2,"date":"2024-08-24T14:12:08","date_gmt":"2024-08-24T12:12:08","guid":{"rendered":"https:\/\/www.pc-erik.ch\/?page_id=2"},"modified":"2025-06-27T16:34:43","modified_gmt":"2025-06-27T14:34:43","slug":"beispiel-seite","status":"publish","type":"page","link":"https:\/\/www.pc-erik.ch\/index.php\/beispiel-seite\/","title":{"rendered":"Beispiel-Seite"},"content":{"rendered":"\n<p>Dies ist eine Beispiel-Seite. Sie unterscheidet sich von Beitr\u00e4gen, da sie stets an derselben Stelle bleibt und (bei den meisten Themes) in der Website-Navigation angezeigt wird. Die meisten starten mit einem Impressum, der Datenschutzerkl\u00e4rung oder einer \u00ab\u00dcber&nbsp;uns\u00bb-Seite, um sich potenziellen Besuchern der Website vorzustellen. Dort k\u00f6nnte zum Beispiel stehen:<\/p>\n\n\n\n<blockquote class=\"wp-block-quote is-layout-flow wp-block-quote-is-layout-flow\">\n<p>Hallo! Tags\u00fcber arbeite ich als Velokurier, nachts bin ich ein aufstrebender Schauspieler und dies hier ist meine Website. Ich lebe in Z\u00fcrich, habe einen grossen Hund namens Jack, mag Pi\u00f1a Coladas, jedoch weniger (ohne Schirm) im Regen stehen gelassen zu werden.<\/p>\n<\/blockquote>\n\n\n\n<p>&#8230;&nbsp;oder so etwas wie:<\/p>\n\n\n\n<blockquote class=\"wp-block-quote is-layout-flow wp-block-quote-is-layout-flow\">\n<p>Das Unternehmen XYZ wurde 1971 gegr\u00fcndet und versorgt die \u00d6ffentlichkeit seither mit qualitativ hochwertigen Produkten. An seinem Standort in einer kleinen Grossstadt besch\u00e4ftigt der Betrieb \u00fcber 2.000 Menschen und unterst\u00fctzt die Stadtbewohner in vielfacher Hinsicht.<\/p>\n<\/blockquote>\n\n\n\n<p>Als neuer WordPress-Benutzer sollten Sie <a href=\"https:\/\/www.pc-erik.ch\/wp-admin\/\">Ihr Dashboard<\/a> aufrufen, um diese Seite zu l\u00f6schen und neue Seiten und Beitr\u00e4ge f\u00fcr Ihre Website erstellen. Viel Spass!<\/p>\n\n\n<style>.kb-table-container2_30baef-70{overflow-x:auto;}.kb-table-container .kb-table2_30baef-70 th{color:var(--global-palette4, #2D3748);padding-top:var(--global-kb-spacing-xxs, 0.5rem);padding-right:var(--global-kb-spacing-xxs, 0.5rem);padding-bottom:var(--global-kb-spacing-xxs, 0.5rem);padding-left:var(--global-kb-spacing-xxs, 0.5rem);text-align:center;}.kb-table-container .kb-table2_30baef-70 caption{text-align:center;}.kb-table-container .kb-table2_30baef-70 td{padding-top:var(--global-kb-spacing-xxs, 0.5rem);padding-right:var(--global-kb-spacing-xxs, 0.5rem);padding-bottom:var(--global-kb-spacing-xxs, 0.5rem);padding-left:var(--global-kb-spacing-xxs, 0.5rem);text-align:left;}.kb-table-container .kb-table2_30baef-70 tr:nth-of-type(even){background-color:var(--global-palette7, #EDF2F7);}.kb-table-container .kb-table2_30baef-70 tr:nth-of-type(odd){background-color:var(--global-palette8, #F7FAFC);}.kb-table-container .kb-table2_30baef-70 tr:nth-of-type(even):hover{background-color:var(--global-palette7, #EDF2F7);}.kb-table-container .kb-table2_30baef-70 td, .kb-table2_30baef-70 th{border-top:2px solid var(--global-palette6, #718096);border-right:2px solid var(--global-palette6, #718096);border-bottom:2px solid var(--global-palette6, #718096);border-left:2px solid var(--global-palette6, #718096);}@media all and (max-width: 1024px){.kb-table-container .kb-table2_30baef-70 td, .kb-table2_30baef-70 th{border-top:2px solid var(--global-palette6, #718096);border-right:2px solid var(--global-palette6, #718096);border-bottom:2px solid var(--global-palette6, #718096);border-left:2px solid var(--global-palette6, #718096);}}@media all and (max-width: 767px){.kb-table-container .kb-table2_30baef-70 td, .kb-table2_30baef-70 th{border-top:2px solid var(--global-palette6, #718096);border-right:2px solid var(--global-palette6, #718096);border-bottom:2px solid var(--global-palette6, #718096);border-left:2px solid var(--global-palette6, #718096);}}<\/style><div class=\"kb-table-container kb-table-container2_30baef-70 wp-block-kadence-table\"><table class=\"kb-table kb-table2_30baef-70\">\n<tr class=\"kb-table-row kb-table-row2_801809-c7\">\n<th class=\"kb-table-data kb-table-data2_2d0c0e-8e\">\n\n<p>eins<\/p>\n\n<\/2_2d0c0e-8e>\n\n<th class=\"kb-table-data kb-table-data2_aab6c4-64\">\n\n<p>Zwei Zwei<\/p>\n\n<\/2_aab6c4-64>\n\n<th class=\"kb-table-data kb-table-data2_cfec07-de\">\n\n<p>Drei<\/p>\n\n<\/2_cfec07-de>\n<\/tr>\n\n<tr class=\"kb-table-row kb-table-row2_fcb5a5-45\">\n<td class=\"kb-table-data kb-table-data2_ac5f01-38\">\n\n<p>werwerwer<\/p>\n\n<\/2_ac5f01-38>\n\n<td class=\"kb-table-data kb-table-data2_d458d3-6b\">\n\n<p>werwert<\/p>\n\n<\/2_d458d3-6b>\n\n<td class=\"kb-table-data kb-table-data2_53551e-2c\">\n\n<p>wer oder was<\/p>\n\n<\/2_53551e-2c>\n<\/tr>\n\n<tr class=\"kb-table-row kb-table-row2_7ad303-80\">\n<td class=\"kb-table-data kb-table-data2_705b39-e7\">\n\n<p>werwer<\/p>\n\n<\/2_705b39-e7>\n\n<td class=\"kb-table-data kb-table-data2_32b995-1a\">\n\n<p>werewrt<\/p>\n\n<\/2_32b995-1a>\n\n<td class=\"kb-table-data kb-table-data2_a321f6-2f\">\n\n<p>wer<\/p>\n\n<\/2_a321f6-2f>\n<\/tr>\n\n<tr class=\"kb-table-row kb-table-row2_11e975-fb\">\n<td class=\"kb-table-data kb-table-data2_528dfb-e3\">\n\n<p>werwe<\/p>\n\n<\/2_528dfb-e3>\n\n<td class=\"kb-table-data kb-table-data2_12c873-41\">\n\n<p><a href=\"http:\/\/www.sbb.ch\">Hier steht ein Text. Zweiter Satz ist hier. Dritter Satz ist hier. Vierter Satz ist hier. F\u00fcnfter Satz ist hier. Sechster Satz ist hier. Siebter Satz ist hier.<\/a><\/p>\n\n<\/2_12c873-41>\n\n<td class=\"kb-table-data kb-table-data2_d93849-ba\">\n\n<p><a href=\"http:\/\/www.sbb.ch\">asdfasdf<\/a><\/p>\n\n<\/2_d93849-ba>\n<\/tr>\n\n<tr class=\"kb-table-row kb-table-row2_04dcf6-fc\">\n<td class=\"kb-table-data kb-table-data2_634d61-6d\">\n\n<p>rwerwer<\/p>\n\n<\/2_634d61-6d>\n\n<td class=\"kb-table-data kb-table-data2_89670b-12\">\n\n<p>werwer<\/p>\n\n<\/2_89670b-12>\n\n<td class=\"kb-table-data kb-table-data2_d3a2bc-58\">\n\n<p>wer<\/p>\n\n<\/2_d3a2bc-58>\n<\/tr>\n<\/table><\/div>\n\n\n<p>sdfsdf<\/p>\n\n\n\n<div class=\"wp-block-columns is-layout-flex wp-container-core-columns-is-layout-9d6595d7 wp-block-columns-is-layout-flex\">\n<div class=\"wp-block-column is-layout-flow wp-block-column-is-layout-flow\" style=\"flex-basis:100%\">\n<div class=\"wp-block-group\"><div class=\"wp-block-group__inner-container is-layout-constrained wp-block-group-is-layout-constrained\"><style>.kb-image2_fdaf8d-14 .kb-image-has-overlay:after{opacity:0.3;}<\/style>\n<div class=\"wp-block-kadence-image kb-image2_fdaf8d-14\"><figure class=\"aligncenter size-full\"><a href=\"http:\/\/www.sbb.ch\" class=\"kb-advanced-image-link\"><img loading=\"lazy\" decoding=\"async\" width=\"250\" height=\"200\" src=\"https:\/\/www.pc-erik.ch\/wp-content\/uploads\/siebdruck.jpg\" alt=\"\" class=\"kb-img wp-image-117\"\/><\/a><figcaption>Webseite mit Gallerie<\/figcaption><\/figure><\/div>\n<\/div><\/div>\n<\/div>\n<\/div>\n\n\n\n<p>sdf<\/p>\n\n\n<style>.kt-img-overlay2_1cfce8-ec .kt-image-overlay-wrap{max-width:250px;overflow:hidden;}.kt-img-overlay2_1cfce8-ec .kt-image-overlay-wrap .kt-block-intrisic{padding-bottom:80%;}.kt-img-overlay2_1cfce8-ec .kt-image-overlay-wrap:has(:focus-visible) .kt-image-overlay-color-wrapper{opacity:1 !important;}.kt-img-overlay2_1cfce8-ec .kt-image-overlay-wrap:hover .kt-image-overlay-color-wrapper{opacity:1 !important;}.kt-img-overlay2_1cfce8-ec .kt-image-overlay-color{background-color:#B75500;opacity:0.6;}.kt-img-overlay2_1cfce8-ec .kt-image-overlay-message{border-top:2px solid rgba(255,255,255,0.8);border-right:2px solid rgba(255,255,255,0.8);border-bottom:2px solid rgba(255,255,255,0.8);border-left:2px solid rgba(255,255,255,0.8);inset:10px;}.wp-block-kadence-imageoverlay.kt-img-overlay2_1cfce8-ec .kt-image-overlay-message .image-overlay-title{color:#fff;background:rgba(0, 0, 0, 0);padding-top:5px;padding-right:5px;padding-bottom:5px;padding-left:5px;margin-top:0px;margin-right:0px;margin-bottom:0px;margin-left:0px;font-weight:regular;font-style:normal;}.kt-img-overlay2_1cfce8-ec .kt-image-overlay-divider{border-top-color:#fff;border-top-width:1px;width:80%;border-top-style:none;}.wp-block-kadence-imageoverlay.kt-img-overlay2_1cfce8-ec .kt-image-overlay-message .image-overlay-subtitle{color:#fff;background:rgba(0, 0, 0, 0);padding-top:5px;padding-right:5px;padding-bottom:5px;padding-left:5px;margin-top:0px;margin-right:0px;margin-bottom:0px;margin-left:0px;font-weight:regular;font-style:normal;}@media all and (max-width: 1024px){.kt-img-overlay2_1cfce8-ec .kt-image-overlay-wrap{max-width:250px;}}@media all and (max-width: 1024px){.kt-img-overlay2_1cfce8-ec .kt-image-overlay-message{border-top:2px solid rgba(255,255,255,0.8);border-right:2px solid rgba(255,255,255,0.8);border-bottom:2px solid rgba(255,255,255,0.8);border-left:2px solid rgba(255,255,255,0.8);}}@media all and (max-width: 767px){.kt-img-overlay2_1cfce8-ec .kt-image-overlay-wrap{max-width:250px;}.kt-img-overlay2_1cfce8-ec .kt-image-overlay-message{border-top:2px solid rgba(255,255,255,0.8);border-right:2px solid rgba(255,255,255,0.8);border-bottom:2px solid rgba(255,255,255,0.8);border-left:2px solid rgba(255,255,255,0.8);}}<\/style>\n<div class=\"kt-img-overlay2_1cfce8-ec aligncenter wp-block-kadence-imageoverlay\"><div class=\"kt-image-overlay-wrap kt-over-image-zoomin\"><div class=\"kt-block-intrisic\"><img loading=\"lazy\" decoding=\"async\" src=\"https:\/\/www.pc-erik.ch\/wp-content\/uploads\/siebdruck.jpg\" alt=\"\" width=\"250\" height=\"200\" class=\"kt-img-overlay wp-image-117\"\/><div class=\"kt-image-overlay-color-wrapper\"><div class=\"kt-image-overlay-color\"><\/div><\/div><span class=\"kt-imageoverlay-link\"><div class=\"kt-image-overlay-message kt-over-substyle-hidden_below kt-over-valign-center kt-over-halign-center\"><div class=\"kt-image-overlay-inner\"><h2 class=\"image-overlay-title\">Webseite mit Gallerie<\/h2><h5 class=\"image-overlay-subtitle\">Subsdfsdftitle<\/h5><\/div><\/div><\/span><\/div><\/div><\/div>\n","protected":false},"excerpt":{"rendered":"<p>Dies ist eine Beispiel-Seite. Sie unterscheidet sich von Beitr\u00e4gen, da sie stets an derselben Stelle bleibt und (bei den meisten Themes) in der Website-Navigation angezeigt wird. Die meisten starten mit einem Impressum, der Datenschutzerkl\u00e4rung oder einer \u00ab\u00dcber&nbsp;uns\u00bb-Seite, um sich potenziellen Besuchern der Website vorzustellen. Dort k\u00f6nnte zum Beispiel stehen: Hallo! Tags\u00fcber arbeite ich als Velokurier,&#8230;<\/p>\n","protected":false},"author":1,"featured_media":0,"parent":0,"menu_order":0,"comment_status":"closed","ping_status":"open","template":"","meta":{"_kad_blocks_custom_css":"","_kad_blocks_head_custom_js":"","_kad_blocks_body_custom_js":"","_kad_blocks_footer_custom_js":"","_kad_post_transparent":"","_kad_post_title":"","_kad_post_layout":"","_kad_post_sidebar_id":"","_kad_post_content_style":"","_kad_post_vertical_padding":"","_kad_post_feature":"","_kad_post_feature_position":"","_kad_post_header":false,"_kad_post_footer":false,"_kad_post_classname":"","footnotes":""},"class_list":["post-2","page","type-page","status-publish","hentry"],"taxonomy_info":[],"featured_image_src_large":false,"author_info":{"display_name":"admin_pce","author_link":"https:\/\/www.pc-erik.ch\/index.php\/author\/admin_pce\/"},"comment_info":0,"_links":{"self":[{"href":"https:\/\/www.pc-erik.ch\/index.php\/wp-json\/wp\/v2\/pages\/2","targetHints":{"allow":["GET"]}}],"collection":[{"href":"https:\/\/www.pc-erik.ch\/index.php\/wp-json\/wp\/v2\/pages"}],"about":[{"href":"https:\/\/www.pc-erik.ch\/index.php\/wp-json\/wp\/v2\/types\/page"}],"author":[{"embeddable":true,"href":"https:\/\/www.pc-erik.ch\/index.php\/wp-json\/wp\/v2\/users\/1"}],"replies":[{"embeddable":true,"href":"https:\/\/www.pc-erik.ch\/index.php\/wp-json\/wp\/v2\/comments?post=2"}],"version-history":[{"count":9,"href":"https:\/\/www.pc-erik.ch\/index.php\/wp-json\/wp\/v2\/pages\/2\/revisions"}],"predecessor-version":[{"id":158,"href":"https:\/\/www.pc-erik.ch\/index.php\/wp-json\/wp\/v2\/pages\/2\/revisions\/158"}],"wp:attachment":[{"href":"https:\/\/www.pc-erik.ch\/index.php\/wp-json\/wp\/v2\/media?parent=2"}],"curies":[{"name":"wp","href":"https:\/\/api.w.org\/{rel}","templated":true}]}}